{"id":21,"date":"2025-06-05T23:52:59","date_gmt":"2025-06-05T21:52:59","guid":{"rendered":"http:\/\/yvahwmm.cluster021.hosting.ovh.net\/index.php\/home\/"},"modified":"2025-06-06T21:40:03","modified_gmt":"2025-06-06T19:40:03","slug":"home","status":"publish","type":"page","link":"https:\/\/celticbeton.fr\/","title":{"rendered":"Home"},"content":{"rendered":"\t\t<div data-elementor-type=\"wp-page\" data-elementor-id=\"21\" class=\"elementor elementor-21\">\n\t\t\t\t<div class=\"elementor-element elementor-element-4d27dedd e-con-full animated-fast e-flex elementor-invisible e-con e-parent\" data-id=\"4d27dedd\" data-element_type=\"container\" data-settings=\"{&quot;animation&quot;:&quot;fadeIn&quot;}\">\n\t\t<div class=\"elementor-element elementor-element-2a270b56 e-con-full animated-fast e-flex elementor-invisible e-con e-child\" data-id=\"2a270b56\" data-element_type=\"container\" data-settings=\"{&quot;background_background&quot;:&quot;classic&quot;,&quot;animation&quot;:&quot;fadeIn&quot;}\">\n\t\t\t\t<div class=\"elementor-element elementor-element-68583ff7 animated-fast elementor-invisible elementor-widget elementor-widget-flex-hero\" data-id=\"68583ff7\" data-element_type=\"widget\" data-settings=\"{&quot;layout_preset&quot;:&quot;storytelling&quot;,&quot;box_shape&quot;:&quot;custom&quot;,&quot;primary_button_shape&quot;:&quot;round&quot;,&quot;secondary_button_shape&quot;:&quot;round&quot;,&quot;_animation&quot;:&quot;fadeIn&quot;,&quot;_animation_delay&quot;:&quot;200&quot;,&quot;image_shape&quot;:&quot;sharp&quot;}\" data-widget_type=\"flex-hero.default\">\n\t\t\t\t<div class=\"elementor-widget-container\">\n\t\t\t\t\t\t\t<div class=\"has-shape-custom shape-type-box ehp-flex-hero has-layout-preset-storytelling\">\n\t\t\t\t\t\t<div class=\"ehp-flex-hero__overlay\"><\/div>\n\t\t\t<div class=\"ehp-flex-hero__content-container\">\n\t\t\t\t<h2 class=\"ehp-flex-hero__heading\">Celtic B\u00e9ton<\/h2><h3 class=\"ehp-flex-hero__subheading\">Votre distributeur automatique de b\u00e9ton sur Vannes<br>Pour particuliers et professionnels<br>7 jours \/ 7<\/h3>\t\t\t<div class=\"ehp-flex-hero__ctas-container\">\n\t\t\t\t\t\t<a class=\"has-shape-round shape-type-button ehp-button ehp-button--primary ehp-flex-hero__button ehp-flex-hero__button--primary is-type-button elementor-animation-shrink has-border\" href=\"tel:0607143645\">\n\t\t\t\t\t<span class=\"ehp-button__text ehp-flex-hero__button-text ehp-flex-hero__button-text--primary\">\n\t\t\t06 07 14 36 45\t\t\t\t<\/a>\n\t\t\t\t\t\t\t\t<a class=\"has-shape-round shape-type-button ehp-button ehp-button--secondary ehp-flex-hero__button ehp-flex-hero__button--secondary is-type-button has-border\" href=\"https:\/\/celticbeton.fr\/index.php\/contact\/\">\n\t\t\t\t\t<span class=\"ehp-button__text ehp-flex-hero__button-text ehp-flex-hero__button-text--secondary\">\n\t\t\tContactez-nous\t\t\t\t<\/a>\n\t\t\t\t\t<\/div>\n\t\t\t\t\t<\/div>\n\t\t\t\t<div class=\"ehp-flex-hero__image-wrapper\">\n\t\t\t\t<\/div>\n\t\t\t\t<\/div>\n\t\t\t\t\t\t<\/div>\n\t\t\t\t<\/div>\n\t\t<div class=\"elementor-element elementor-element-345c52be e-flex e-con-boxed e-con e-child\" data-id=\"345c52be\" data-element_type=\"container\">\n\t\t\t\t\t<div class=\"e-con-inner\">\n\t\t\t\t<div class=\"elementor-element elementor-element-4f187766 elementor-widget__width-initial elementor-widget-mobile__width-inherit elementor-widget elementor-widget-text-editor\" data-id=\"4f187766\" data-element_type=\"widget\" data-widget_type=\"text-editor.default\">\n\t\t\t\t<div class=\"elementor-widget-container\">\n\t\t\t\t\t\t\t\t\t<p><strong>&#8211; SIMPLE &#8211;\u00a0<\/strong><\/p><p>Pas de m\u00e9lange \u00e0 faire soi-m\u00eame<\/p><p>Libre acc\u00e8s<\/p>\t\t\t\t\t\t\t\t<\/div>\n\t\t\t\t<\/div>\n\t\t\t\t<div class=\"elementor-element elementor-element-4d348b0b elementor-widget elementor-widget-spacer\" data-id=\"4d348b0b\" data-element_type=\"widget\" data-widget_type=\"spacer.default\">\n\t\t\t\t<div class=\"elementor-widget-container\">\n\t\t\t\t\t\t\t<div class=\"elementor-spacer\">\n\t\t\t<div class=\"elementor-spacer-inner\"><\/div>\n\t\t<\/div>\n\t\t\t\t\t\t<\/div>\n\t\t\t\t<\/div>\n\t\t\t\t<div class=\"elementor-element elementor-element-74153e17 elementor-widget__width-initial elementor-widget-mobile__width-inherit elementor-widget elementor-widget-text-editor\" data-id=\"74153e17\" data-element_type=\"widget\" data-widget_type=\"text-editor.default\">\n\t\t\t\t<div class=\"elementor-widget-container\">\n\t\t\t\t\t\t\t\t\t<p><strong>&#8211; ECONOMIQUE &#8211;<\/strong><\/p><p>A partir de 150L<\/p><p>Pas de pertes<\/p><p>Moins cher qu&rsquo;en GSB<\/p>\t\t\t\t\t\t\t\t<\/div>\n\t\t\t\t<\/div>\n\t\t\t\t<div class=\"elementor-element elementor-element-778bae77 elementor-widget elementor-widget-spacer\" data-id=\"778bae77\" data-element_type=\"widget\" data-widget_type=\"spacer.default\">\n\t\t\t\t<div class=\"elementor-widget-container\">\n\t\t\t\t\t\t\t<div class=\"elementor-spacer\">\n\t\t\t<div class=\"elementor-spacer-inner\"><\/div>\n\t\t<\/div>\n\t\t\t\t\t\t<\/div>\n\t\t\t\t<\/div>\n\t\t\t\t<div class=\"elementor-element elementor-element-2276e90f elementor-widget__width-initial elementor-widget-mobile__width-inherit elementor-widget elementor-widget-text-editor\" data-id=\"2276e90f\" data-element_type=\"widget\" data-widget_type=\"text-editor.default\">\n\t\t\t\t<div class=\"elementor-widget-container\">\n\t\t\t\t\t\t\t\t\t<p><strong>&#8211; RAPIDE &#8211;<\/strong><\/p><p>Pas de temps d&rsquo;attente<\/p><p>Paiement en borne automatique<\/p>\t\t\t\t\t\t\t\t<\/div>\n\t\t\t\t<\/div>\n\t\t\t\t\t<\/div>\n\t\t\t\t<\/div>\n\t\t\t\t<\/div>\n\t\t\t\t<\/div>\n\t\t<div class=\"elementor-element elementor-element-9d5a9fe e-flex e-con-boxed e-con e-parent\" data-id=\"9d5a9fe\" data-element_type=\"container\">\n\t\t\t\t\t<div class=\"e-con-inner\">\n\t\t\t\t<div class=\"elementor-element elementor-element-16870d7 elementor-widget elementor-widget-spacer\" data-id=\"16870d7\" data-element_type=\"widget\" data-widget_type=\"spacer.default\">\n\t\t\t\t<div class=\"elementor-widget-container\">\n\t\t\t\t\t\t\t<div class=\"elementor-spacer\">\n\t\t\t<div class=\"elementor-spacer-inner\"><\/div>\n\t\t<\/div>\n\t\t\t\t\t\t<\/div>\n\t\t\t\t<\/div>\n\t\t\t\t\t<\/div>\n\t\t\t\t<\/div>\n\t\t<div class=\"elementor-element elementor-element-dc92cf5 e-flex e-con-boxed e-con e-parent\" data-id=\"dc92cf5\" data-element_type=\"container\">\n\t\t\t\t\t<div class=\"e-con-inner\">\n\t\t<div class=\"elementor-element elementor-element-cb38366 e-con-full e-flex e-con e-child\" data-id=\"cb38366\" data-element_type=\"container\">\n\t\t\t\t<div class=\"elementor-element elementor-element-6ec3619 elementor-widget elementor-widget-video\" data-id=\"6ec3619\" data-element_type=\"widget\" data-settings=\"{&quot;youtube_url&quot;:&quot;https:\\\/\\\/www.youtube.com\\\/watch?v=ZTTY9oMgOh8&amp;t=67s&quot;,&quot;video_type&quot;:&quot;youtube&quot;,&quot;controls&quot;:&quot;yes&quot;}\" data-widget_type=\"video.default\">\n\t\t\t\t<div class=\"elementor-widget-container\">\n\t\t\t\t\t\t\t<div class=\"elementor-wrapper elementor-open-inline\">\n\t\t\t<div class=\"elementor-video\"><\/div>\t\t<\/div>\n\t\t\t\t\t\t<\/div>\n\t\t\t\t<\/div>\n\t\t\t\t<\/div>\n\t\t<div class=\"elementor-element elementor-element-fe7aa3d e-con-full e-flex e-con e-child\" data-id=\"fe7aa3d\" data-element_type=\"container\">\n\t\t\t\t<\/div>\n\t\t<div class=\"elementor-element elementor-element-9adc6b5 e-con-full e-flex e-con e-child\" data-id=\"9adc6b5\" data-element_type=\"container\">\n\t\t\t\t<div class=\"elementor-element elementor-element-24938ae elementor-widget elementor-widget-heading\" data-id=\"24938ae\" data-element_type=\"widget\" data-widget_type=\"heading.default\">\n\t\t\t\t<div class=\"elementor-widget-container\">\n\t\t\t\t\t<h3 class=\"elementor-heading-title elementor-size-default\">Le self b\u00e9ton, comment \u00e7a marche ?<\/h3>\t\t\t\t<\/div>\n\t\t\t\t<\/div>\n\t\t\t\t<div class=\"elementor-element elementor-element-32cf19f elementor-widget elementor-widget-text-editor\" data-id=\"32cf19f\" data-element_type=\"widget\" data-widget_type=\"text-editor.default\">\n\t\t\t\t<div class=\"elementor-widget-container\">\n\t\t\t\t\t\t\t\t\t<ol><li><span style=\"letter-spacing: 1.6px;\">Positionnez votre v\u00e9hicule ou remorque sur le marquage<\/span><\/li><li>Choisissez la quantit\u00e9 et la recette<\/li><li>Imprimez votre coupon<\/li><li>Pr\u00e9sentez votre coupon au lecteur<\/li><li>Votre b\u00e9ton est pr\u00eat<\/li><\/ol>\t\t\t\t\t\t\t\t<\/div>\n\t\t\t\t<\/div>\n\t\t\t\t<\/div>\n\t\t\t\t\t<\/div>\n\t\t\t\t<\/div>\n\t\t<div class=\"elementor-element elementor-element-00367a9 e-flex e-con-boxed e-con e-parent\" data-id=\"00367a9\" data-element_type=\"container\">\n\t\t\t\t\t<div class=\"e-con-inner\">\n\t\t\t\t<div class=\"elementor-element elementor-element-737dd54 elementor-widget elementor-widget-spacer\" data-id=\"737dd54\" data-element_type=\"widget\" data-widget_type=\"spacer.default\">\n\t\t\t\t<div class=\"elementor-widget-container\">\n\t\t\t\t\t\t\t<div class=\"elementor-spacer\">\n\t\t\t<div class=\"elementor-spacer-inner\"><\/div>\n\t\t<\/div>\n\t\t\t\t\t\t<\/div>\n\t\t\t\t<\/div>\n\t\t\t\t\t<\/div>\n\t\t\t\t<\/div>\n\t\t<div class=\"elementor-element elementor-element-815186f e-flex e-con-boxed e-con e-parent\" data-id=\"815186f\" data-element_type=\"container\">\n\t\t\t\t\t<div class=\"e-con-inner\">\n\t\t<div class=\"elementor-element elementor-element-8a9f700 e-con-full e-flex e-con e-child\" data-id=\"8a9f700\" data-element_type=\"container\">\n\t\t\t\t<div class=\"elementor-element elementor-element-d2d956b elementor-widget elementor-widget-image\" data-id=\"d2d956b\" data-element_type=\"widget\" data-widget_type=\"image.default\">\n\t\t\t\t<div class=\"elementor-widget-container\">\n\t\t\t\t\t\t\t\t\t\t\t\t\t\t\t<img fetchpriority=\"high\" decoding=\"async\" width=\"800\" height=\"593\" src=\"https:\/\/celticbeton.fr\/wp-content\/uploads\/2025\/06\/Celtic-Beton-Locqueltas-Vannes-1024x759.jpg\" class=\"attachment-large size-large wp-image-93\" alt=\"\" srcset=\"https:\/\/celticbeton.fr\/wp-content\/uploads\/2025\/06\/Celtic-Beton-Locqueltas-Vannes-1024x759.jpg 1024w, https:\/\/celticbeton.fr\/wp-content\/uploads\/2025\/06\/Celtic-Beton-Locqueltas-Vannes-300x222.jpg 300w, https:\/\/celticbeton.fr\/wp-content\/uploads\/2025\/06\/Celtic-Beton-Locqueltas-Vannes-768x569.jpg 768w, https:\/\/celticbeton.fr\/wp-content\/uploads\/2025\/06\/Celtic-Beton-Locqueltas-Vannes-1536x1139.jpg 1536w, https:\/\/celticbeton.fr\/wp-content\/uploads\/2025\/06\/Celtic-Beton-Locqueltas-Vannes-2048x1518.jpg 2048w\" sizes=\"(max-width: 800px) 100vw, 800px\" \/>\t\t\t\t\t\t\t\t\t\t\t\t\t\t\t<\/div>\n\t\t\t\t<\/div>\n\t\t\t\t<\/div>\n\t\t<div class=\"elementor-element elementor-element-335b7a7 e-con-full e-flex e-con e-child\" data-id=\"335b7a7\" data-element_type=\"container\">\n\t\t\t\t<div class=\"elementor-element elementor-element-7042894 elementor-widget elementor-widget-google_maps\" data-id=\"7042894\" data-element_type=\"widget\" data-widget_type=\"google_maps.default\">\n\t\t\t\t<div class=\"elementor-widget-container\">\n\t\t\t\t\t\t\t<div class=\"elementor-custom-embed\">\n\t\t\t<iframe loading=\"lazy\"\n\t\t\t\t\tsrc=\"https:\/\/maps.google.com\/maps?q=Celtic%20B%C3%A9ton%2C%203%20ZA%20DE%20COLLEC%2C%2056390%20Locmaria-Grand-Champ&#038;t=m&#038;z=10&#038;output=embed&#038;iwloc=near\"\n\t\t\t\t\ttitle=\"Celtic B\u00e9ton, 3 ZA DE COLLEC, 56390 Locmaria-Grand-Champ\"\n\t\t\t\t\taria-label=\"Celtic B\u00e9ton, 3 ZA DE COLLEC, 56390 Locmaria-Grand-Champ\"\n\t\t\t><\/iframe>\n\t\t<\/div>\n\t\t\t\t\t\t<\/div>\n\t\t\t\t<\/div>\n\t\t\t\t<\/div>\n\t\t\t\t\t<\/div>\n\t\t\t\t<\/div>\n\t\t<div class=\"elementor-element elementor-element-4b05a23 e-flex e-con-boxed e-con e-parent\" data-id=\"4b05a23\" data-element_type=\"container\">\n\t\t\t\t\t<div class=\"e-con-inner\">\n\t\t\t\t<div class=\"elementor-element elementor-element-ba5fa1a elementor-widget elementor-widget-spacer\" data-id=\"ba5fa1a\" data-element_type=\"widget\" data-widget_type=\"spacer.default\">\n\t\t\t\t<div class=\"elementor-widget-container\">\n\t\t\t\t\t\t\t<div class=\"elementor-spacer\">\n\t\t\t<div class=\"elementor-spacer-inner\"><\/div>\n\t\t<\/div>\n\t\t\t\t\t\t<\/div>\n\t\t\t\t<\/div>\n\t\t\t\t\t<\/div>\n\t\t\t\t<\/div>\n\t\t<div class=\"elementor-element elementor-element-1b2712e e-flex e-con-boxed e-con e-parent\" data-id=\"1b2712e\" data-element_type=\"container\">\n\t\t\t\t\t<div class=\"e-con-inner\">\n\t\t<div class=\"elementor-element elementor-element-703c166 e-con-full e-flex e-con e-child\" data-id=\"703c166\" data-element_type=\"container\">\n\t\t\t\t<div class=\"elementor-element elementor-element-302ec3a elementor-widget elementor-widget-heading\" data-id=\"302ec3a\" data-element_type=\"widget\" data-widget_type=\"heading.default\">\n\t\t\t\t<div class=\"elementor-widget-container\">\n\t\t\t\t\t<h2 class=\"elementor-heading-title elementor-size-default\">Libre acc\u00e8s 7 jours \/ 7<\/h2>\t\t\t\t<\/div>\n\t\t\t\t<\/div>\n\t\t\t\t<div class=\"elementor-element elementor-element-76fbac3 elementor-widget elementor-widget-text-editor\" data-id=\"76fbac3\" data-element_type=\"widget\" data-widget_type=\"text-editor.default\">\n\t\t\t\t<div class=\"elementor-widget-container\">\n\t\t\t\t\t\t\t\t\t<p>Lundi au Vendredi &#8211; 06h \u00e0 18h<\/p><p>Samedi &#8211; 06h \u00e0 17h<\/p><p>Dimanche &#8211; 08h \u00e0 12h<\/p>\t\t\t\t\t\t\t\t<\/div>\n\t\t\t\t<\/div>\n\t\t\t\t<\/div>\n\t\t<div class=\"elementor-element elementor-element-2517169 e-con-full e-flex e-con e-child\" data-id=\"2517169\" data-element_type=\"container\">\n\t\t\t\t<div class=\"elementor-element elementor-element-9817621 elementor-widget elementor-widget-heading\" data-id=\"9817621\" data-element_type=\"widget\" data-widget_type=\"heading.default\">\n\t\t\t\t<div class=\"elementor-widget-container\">\n\t\t\t\t\t<h2 class=\"elementor-heading-title elementor-size-default\">Vous \u00eates professionnel ?<\/h2>\t\t\t\t<\/div>\n\t\t\t\t<\/div>\n\t\t\t\t<div class=\"elementor-element elementor-element-cc17b40 elementor-widget elementor-widget-text-editor\" data-id=\"cc17b40\" data-element_type=\"widget\" data-widget_type=\"text-editor.default\">\n\t\t\t\t<div class=\"elementor-widget-container\">\n\t\t\t\t\t\t\t\t\t<p>Contactez-nous pour profiter de nos tarifs exclusifs !<\/p>\t\t\t\t\t\t\t\t<\/div>\n\t\t\t\t<\/div>\n\t\t\t\t<div class=\"elementor-element elementor-element-cd73797 elementor-align-left elementor-widget elementor-widget-button\" data-id=\"cd73797\" data-element_type=\"widget\" data-widget_type=\"button.default\">\n\t\t\t\t<div class=\"elementor-widget-container\">\n\t\t\t\t\t\t\t\t\t<div class=\"elementor-button-wrapper\">\n\t\t\t\t\t<a class=\"elementor-button elementor-button-link elementor-size-sm\" href=\"https:\/\/celticbeton.fr\/index.php\/contact\/\">\n\t\t\t\t\t\t<span class=\"elementor-button-content-wrapper\">\n\t\t\t\t\t\t\t\t\t<span class=\"elementor-button-text\">Cliquez ici<\/span>\n\t\t\t\t\t<\/span>\n\t\t\t\t\t<\/a>\n\t\t\t\t<\/div>\n\t\t\t\t\t\t\t\t<\/div>\n\t\t\t\t<\/div>\n\t\t\t\t<\/div>\n\t\t\t\t\t<\/div>\n\t\t\t\t<\/div>\n\t\t\t\t<\/div>\n\t\t","protected":false},"excerpt":{"rendered":"<p>Celtic B\u00e9ton Votre distributeur automatique de b\u00e9ton sur VannesPour particuliers et professionnels7 jours \/ 7 06 07 14 36 45 Contactez-nous &#8211; SIMPLE &#8211;\u00a0 Pas de m\u00e9lange \u00e0 faire soi-m\u00eame Libre acc\u00e8s &#8211; ECONOMIQUE &#8211; A partir de 150L Pas de pertes Moins cher qu&rsquo;en GSB &#8211; RAPIDE &#8211; Pas de temps d&rsquo;attente Paiement en [&hellip;]<\/p>\n","protected":false},"author":1,"featured_media":0,"parent":0,"menu_order":0,"comment_status":"closed","ping_status":"closed","template":"elementor_header_footer","meta":{"footnotes":""},"class_list":["post-21","page","type-page","status-publish","hentry"],"_links":{"self":[{"href":"https:\/\/celticbeton.fr\/index.php\/wp-json\/wp\/v2\/pages\/21","targetHints":{"allow":["GET"]}}],"collection":[{"href":"https:\/\/celticbeton.fr\/index.php\/wp-json\/wp\/v2\/pages"}],"about":[{"href":"https:\/\/celticbeton.fr\/index.php\/wp-json\/wp\/v2\/types\/page"}],"author":[{"embeddable":true,"href":"https:\/\/celticbeton.fr\/index.php\/wp-json\/wp\/v2\/users\/1"}],"replies":[{"embeddable":true,"href":"https:\/\/celticbeton.fr\/index.php\/wp-json\/wp\/v2\/comments?post=21"}],"version-history":[{"count":58,"href":"https:\/\/celticbeton.fr\/index.php\/wp-json\/wp\/v2\/pages\/21\/revisions"}],"predecessor-version":[{"id":188,"href":"https:\/\/celticbeton.fr\/index.php\/wp-json\/wp\/v2\/pages\/21\/revisions\/188"}],"wp:attachment":[{"href":"https:\/\/celticbeton.fr\/index.php\/wp-json\/wp\/v2\/media?parent=21"}],"curies":[{"name":"wp","href":"https:\/\/api.w.org\/{rel}","templated":true}]}}